{"id":18,"date":"2024-06-18T11:05:12","date_gmt":"2024-06-18T09:05:12","guid":{"rendered":"https:\/\/pierrederonsard.org\/?page_id=18"},"modified":"2026-04-27T12:26:59","modified_gmt":"2026-04-27T10:26:59","slug":"classe-de-luth-et-stage-de-chant","status":"publish","type":"page","link":"https:\/\/pierrederonsard.org\/index.php\/classe-de-luth-et-stage-de-chant\/","title":{"rendered":"Classe de luth et stage de chant"},"content":{"rendered":"<style>.kb-row-layout-id18_a0d4f4-c5 > .kt-row-column-wrap{align-content:start;}:where(.kb-row-layout-id18_a0d4f4-c5 > .kt-row-column-wrap) > .wp-block-kadence-column{justify-content:start;}.kb-row-layout-id18_a0d4f4-c5 > .kt-row-column-wrap{column-gap:var(--global-kb-gap-md, 2rem);row-gap:var(--global-kb-gap-md, 2rem);padding-top:var(--global-kb-spacing-lg, 3rem);padding-right:var(--global-kb-spacing-lg, 3rem);padding-bottom:var(--global-kb-spacing-lg, 3rem);padding-left:var(--global-kb-spacing-lg, 3rem);grid-template-columns:minmax(0, 1fr);}.kb-row-layout-id18_a0d4f4-c5{background-image:url('https:\/\/pierrederonsard.org\/wp-content\/uploads\/2024\/06\/bg-red.jpg');background-size:cover;background-position:center center;background-attachment:scroll;background-repeat:no-repeat;}.kb-row-layout-id18_a0d4f4-c5 > .kt-row-layout-overlay{opacity:0.30;}@media all and (max-width: 1024px){.kb-row-layout-id18_a0d4f4-c5 > .kt-row-column-wrap{grid-template-columns:minmax(0, 1fr);}}@media all and (max-width: 767px){.kb-row-layout-id18_a0d4f4-c5 > .kt-row-column-wrap{grid-template-columns:minmax(0, 1fr);}}<\/style><div class=\"kb-row-layout-wrap kb-row-layout-id18_a0d4f4-c5 alignfull has-black-background-color kt-row-has-bg wp-block-kadence-rowlayout\"><div class=\"kt-row-column-wrap kt-has-1-columns kt-row-layout-equal kt-tab-layout-inherit kt-mobile-layout-row kt-row-valign-top\">\n<style>.kadence-column18_c59617-8b > .kt-inside-inner-col,.kadence-column18_c59617-8b > .kt-inside-inner-col:before{border-top-left-radius:0px;border-top-right-radius:0px;border-bottom-right-radius:0px;border-bottom-left-radius:0px;}.kadence-column18_c59617-8b > .kt-inside-inner-col{column-gap:var(--global-kb-gap-sm, 1rem);}.kadence-column18_c59617-8b > .kt-inside-inner-col{flex-direction:column;}.kadence-column18_c59617-8b > .kt-inside-inner-col > .aligncenter{width:100%;}.kadence-column18_c59617-8b > .kt-inside-inner-col:before{opacity:0.3;}.kadence-column18_c59617-8b{position:relative;}@media all and (max-width: 1024px){.kadence-column18_c59617-8b > .kt-inside-inner-col{flex-direction:column;}}@media all and (max-width: 767px){.kadence-column18_c59617-8b > .kt-inside-inner-col{flex-direction:column;}}<\/style>\n<div class=\"wp-block-kadence-column kadence-column18_c59617-8b\"><div class=\"kt-inside-inner-col\"><style>.kb-image18_be1f3e-f7.kb-image-is-ratio-size, .kb-image18_be1f3e-f7 .kb-image-is-ratio-size{max-width:764px;width:100%;}.wp-block-kadence-column > .kt-inside-inner-col > .kb-image18_be1f3e-f7.kb-image-is-ratio-size, .wp-block-kadence-column > .kt-inside-inner-col > .kb-image18_be1f3e-f7 .kb-image-is-ratio-size{align-self:unset;}.kb-image18_be1f3e-f7 figure{max-width:764px;}.kb-image18_be1f3e-f7 .image-is-svg, .kb-image18_be1f3e-f7 .image-is-svg img{width:100%;}.kb-image18_be1f3e-f7 .kb-image-has-overlay:after{opacity:0.3;}<\/style>\n<div class=\"wp-block-kadence-image kb-image18_be1f3e-f7\"><figure class=\"aligncenter image-is-svg\"><img decoding=\"async\" src=\"https:\/\/pierrederonsard.org\/wp-content\/uploads\/2024\/06\/stage-titre-blanc.svg\" alt=\"\" class=\"kb-img wp-image-114\"\/><\/figure><\/div>\n<\/div><\/div>\n\n<\/div><\/div>\n\n<style>.kb-row-layout-id18_f3422a-af > .kt-row-column-wrap{align-content:start;}:where(.kb-row-layout-id18_f3422a-af > .kt-row-column-wrap) > .wp-block-kadence-column{justify-content:start;}.kb-row-layout-id18_f3422a-af > .kt-row-column-wrap{column-gap:var(--global-kb-gap-md, 2rem);row-gap:var(--global-kb-gap-md, 2rem);padding-top:var(--global-kb-spacing-sm, 1.5rem);padding-right:var(--global-kb-spacing-lg, 3rem);padding-bottom:var(--global-kb-spacing-sm, 1.5rem);padding-left:var(--global-kb-spacing-lg, 3rem);grid-template-columns:minmax(0, 1fr);}.kb-row-layout-id18_f3422a-af > .kt-row-layout-overlay{opacity:0.30;}@media all and (max-width: 1024px){.kb-row-layout-id18_f3422a-af > .kt-row-column-wrap{grid-template-columns:minmax(0, 1fr);}}@media all and (max-width: 767px){.kb-row-layout-id18_f3422a-af > .kt-row-column-wrap{grid-template-columns:minmax(0, 1fr);}}<\/style><div class=\"kb-row-layout-wrap kb-row-layout-id18_f3422a-af alignnone wp-block-kadence-rowlayout\"><div class=\"kt-row-column-wrap kt-has-1-columns kt-row-layout-equal kt-tab-layout-inherit kt-mobile-layout-row kt-row-valign-top\">\n<style>.kadence-column18_477679-42 > .kt-inside-inner-col,.kadence-column18_477679-42 > .kt-inside-inner-col:before{border-top-left-radius:0px;border-top-right-radius:0px;border-bottom-right-radius:0px;border-bottom-left-radius:0px;}.kadence-column18_477679-42 > .kt-inside-inner-col{column-gap:var(--global-kb-gap-sm, 1rem);}.kadence-column18_477679-42 > .kt-inside-inner-col{flex-direction:column;}.kadence-column18_477679-42 > .kt-inside-inner-col > .aligncenter{width:100%;}.kadence-column18_477679-42 > .kt-inside-inner-col:before{opacity:0.3;}.kadence-column18_477679-42{position:relative;}@media all and (max-width: 1024px){.kadence-column18_477679-42 > .kt-inside-inner-col{flex-direction:column;}}@media all and (max-width: 767px){.kadence-column18_477679-42 > .kt-inside-inner-col{flex-direction:column;}}<\/style>\n<div class=\"wp-block-kadence-column kadence-column18_477679-42\"><div class=\"kt-inside-inner-col\"><style>.wp-block-kadence-advancedheading.kt-adv-heading18_a120fb-9c, .wp-block-kadence-advancedheading.kt-adv-heading18_a120fb-9c[data-kb-block=\"kb-adv-heading18_a120fb-9c\"]{font-style:normal;}.wp-block-kadence-advancedheading.kt-adv-heading18_a120fb-9c mark.kt-highlight, .wp-block-kadence-advancedheading.kt-adv-heading18_a120fb-9c[data-kb-block=\"kb-adv-heading18_a120fb-9c\"] mark.kt-highlight{font-style:normal;color:#f76a0c;-webkit-box-decoration-break:clone;box-decoration-break:clone;padding-top:0px;padding-right:0px;padding-bottom:0px;padding-left:0px;}<\/style>\n<h2 class=\"kt-adv-heading18_a120fb-9c wp-block-kadence-advancedheading\" data-kb-block=\"kb-adv-heading18_a120fb-9c\">CHANT, D\u00c9CLAMATION ET LUTH : LE STAGE <\/h2>\n\n\n\n<p>DU JEUDI 14 AU DIMANCHE 17 MAI 2026<br><\/p>\n\n\n\n<p><strong>Travailler Ronsard dans sa maison, quoi de mieux ?<\/strong><\/p>\n\n\n\n<p>Depuis plusieurs ann\u00e9es, en compl\u00e9ment de la programmation, et dans la logique de notre valeur de transmission, notre association propose un stage de chant, d\u00e9clamation et luth en lien avec la th\u00e9matique annuelle de notre programmation.<\/p>\n\n\n\n<p><strong>Chaque stagiaire b\u00e9n\u00e9ficie de plusieurs cours individuels (technique et style) et de nombreux cours collectifs. Les journ\u00e9es sont bien remplies et c\u2019est toujours un travail intensif tant pour les professeurs que pour les \u00e9l\u00e8ves.<\/strong><\/p>\n\n\n\n<p>Le stage se d\u00e9roule sur quatre jours pendant un long weekend en mai et se termine par une pr\u00e9sentation publique du travail des stagiaires le dernier jour.<br>Le nombre de stagiaire est limit\u00e9 \u00e0 six par professeur et \u00e0 trois personnes pour les personnes qui souhaiteraient s\u2019inscrire uniquement en d\u00e9clamation.<\/p>\n\n\n<style>.wp-block-kadence-advancedheading.kt-adv-heading18_3f2b71-5f, .wp-block-kadence-advancedheading.kt-adv-heading18_3f2b71-5f[data-kb-block=\"kb-adv-heading18_3f2b71-5f\"]{font-style:normal;}.wp-block-kadence-advancedheading.kt-adv-heading18_3f2b71-5f mark.kt-highlight, .wp-block-kadence-advancedheading.kt-adv-heading18_3f2b71-5f[data-kb-block=\"kb-adv-heading18_3f2b71-5f\"] mark.kt-highlight{font-style:normal;color:#f76a0c;-webkit-box-decoration-break:clone;box-decoration-break:clone;padding-top:0px;padding-right:0px;padding-bottom:0px;padding-left:0px;}<\/style>\n<h3 class=\"kt-adv-heading18_3f2b71-5f wp-block-kadence-advancedheading\" data-kb-block=\"kb-adv-heading18_3f2b71-5f\"><strong>POUR LA D\u00c9CLAMATION<\/strong><\/h3>\n\n\n\n<p>Il n\u2019y a pas de pr\u00e9requis, le stage est ouvert \u00e0 toutes et tous, y compris aux d\u00e9butants. \u00c0 partir de textes th\u00e9oriques des po\u00e8tes, nous explorons comment se disait un texte \u00e0 l\u2019\u00e9poque de Ronsard. Prononciation, gestuelle rh\u00e9torique, travail de la voix\u2026<\/p>\n\n\n<style>.wp-block-kadence-advancedheading.kt-adv-heading18_5edb61-1b, .wp-block-kadence-advancedheading.kt-adv-heading18_5edb61-1b[data-kb-block=\"kb-adv-heading18_5edb61-1b\"]{font-style:normal;}.wp-block-kadence-advancedheading.kt-adv-heading18_5edb61-1b mark.kt-highlight, .wp-block-kadence-advancedheading.kt-adv-heading18_5edb61-1b[data-kb-block=\"kb-adv-heading18_5edb61-1b\"] mark.kt-highlight{font-style:normal;color:#f76a0c;-webkit-box-decoration-break:clone;box-decoration-break:clone;padding-top:0px;padding-right:0px;padding-bottom:0px;padding-left:0px;}<\/style>\n<h3 class=\"kt-adv-heading18_5edb61-1b wp-block-kadence-advancedheading\" data-kb-block=\"kb-adv-heading18_5edb61-1b\"><strong>POUR LE CHANT<\/strong><\/h3>\n\n\n\n<p>En fonction des comp\u00e9tences, travail sur la prononciation, la technique vocale, le style, l\u2019\u00e9coute en l\u2019ornementation (diminution)\u2026 <\/p>\n\n\n\n<p>Pour le luth et la guitare Renaissance r\u00e9pertoire solo et accompagnement.<br>Pour l\u2019accompagnement des chanteurs :<\/p>\n\n\n\n<ul class=\"wp-block-list\">\n<li>Niveau tr\u00e8s facile chaque luth joue une voix en cl\u00e9 de sol ou de fa<\/li>\n\n\n\n<li>Niveau avanc\u00e9 r\u00e9alisation des accords, r\u00e9duction de deux voix, diapason \u00e0 440 Hz<\/li>\n<\/ul>\n<\/div><\/div>\n\n<\/div><\/div>\n\n<style>.kb-row-layout-id18_14197a-6c > .kt-row-column-wrap{align-content:start;}:where(.kb-row-layout-id18_14197a-6c > .kt-row-column-wrap) > .wp-block-kadence-column{justify-content:start;}.kb-row-layout-id18_14197a-6c > .kt-row-column-wrap{column-gap:var(--global-kb-gap-md, 2rem);row-gap:var(--global-kb-gap-md, 2rem);padding-top:var(--global-kb-spacing-sm, 1.5rem);padding-right:var(--global-kb-spacing-lg, 3rem);padding-bottom:var(--global-kb-spacing-sm, 1.5rem);padding-left:var(--global-kb-spacing-lg, 3rem);grid-template-columns:minmax(0, 1fr);}.kb-row-layout-id18_14197a-6c > .kt-row-layout-overlay{opacity:0.30;}@media all and (max-width: 1024px){.kb-row-layout-id18_14197a-6c > .kt-row-column-wrap{grid-template-columns:minmax(0, 1fr);}}@media all and (max-width: 767px){.kb-row-layout-id18_14197a-6c > .kt-row-column-wrap{padding-right:var(--global-kb-spacing-sm, 1.5rem);padding-bottom:var(--global-kb-spacing-sm, 1.5rem);padding-left:var(--global-kb-spacing-sm, 1.5rem);grid-template-columns:minmax(0, 1fr);}}<\/style><div class=\"kb-row-layout-wrap kb-row-layout-id18_14197a-6c alignnone wp-block-kadence-rowlayout\"><div class=\"kt-row-column-wrap kt-has-1-columns kt-row-layout-equal kt-tab-layout-inherit kt-mobile-layout-row kt-row-valign-top\">\n<style>.kadence-column18_43b192-35 > .kt-inside-inner-col,.kadence-column18_43b192-35 > .kt-inside-inner-col:before{border-top-left-radius:0px;border-top-right-radius:0px;border-bottom-right-radius:0px;border-bottom-left-radius:0px;}.kadence-column18_43b192-35 > .kt-inside-inner-col{column-gap:var(--global-kb-gap-sm, 1rem);}.kadence-column18_43b192-35 > .kt-inside-inner-col{flex-direction:column;}.kadence-column18_43b192-35 > .kt-inside-inner-col > .aligncenter{width:100%;}.kadence-column18_43b192-35 > .kt-inside-inner-col:before{opacity:0.3;}.kadence-column18_43b192-35{position:relative;}@media all and (max-width: 1024px){.kadence-column18_43b192-35 > .kt-inside-inner-col{flex-direction:column;}}@media all and (max-width: 767px){.kadence-column18_43b192-35 > .kt-inside-inner-col{flex-direction:column;}}<\/style>\n<div class=\"wp-block-kadence-column kadence-column18_43b192-35\"><div class=\"kt-inside-inner-col\"><style>.wp-block-kadence-advancedheading.kt-adv-heading18_c7a256-88, .wp-block-kadence-advancedheading.kt-adv-heading18_c7a256-88[data-kb-block=\"kb-adv-heading18_c7a256-88\"]{padding-top:var(--global-kb-spacing-xs, 1rem);margin-bottom:var(--global-kb-spacing-lg, 3rem);font-size:1.7rem;font-style:normal;border-top:1px solid #000000;}.wp-block-kadence-advancedheading.kt-adv-heading18_c7a256-88 mark.kt-highlight, .wp-block-kadence-advancedheading.kt-adv-heading18_c7a256-88[data-kb-block=\"kb-adv-heading18_c7a256-88\"] mark.kt-highlight{font-style:normal;color:#f76a0c;-webkit-box-decoration-break:clone;box-decoration-break:clone;padding-top:0px;padding-right:0px;padding-bottom:0px;padding-left:0px;}@media all and (max-width: 1024px){.wp-block-kadence-advancedheading.kt-adv-heading18_c7a256-88, .wp-block-kadence-advancedheading.kt-adv-heading18_c7a256-88[data-kb-block=\"kb-adv-heading18_c7a256-88\"]{border-top:1px solid #000000;}}@media all and (max-width: 767px){.wp-block-kadence-advancedheading.kt-adv-heading18_c7a256-88, .wp-block-kadence-advancedheading.kt-adv-heading18_c7a256-88[data-kb-block=\"kb-adv-heading18_c7a256-88\"]{border-top:1px solid #000000;}}<\/style>\n<h2 class=\"kt-adv-heading18_c7a256-88 wp-block-kadence-advancedheading\" data-kb-block=\"kb-adv-heading18_c7a256-88\"><strong>DU JEUDI 14 AU DIMANCHE 17 MAI 2026<\/strong><\/h2>\n\n\n<style>.kb-row-layout-wrap.wp-block-kadence-rowlayout.kb-row-layout-id18_733ebe-0f{margin-bottom:var(--global-kb-spacing-lg, 3rem);}.kb-row-layout-id18_733ebe-0f > .kt-row-column-wrap{align-content:center;}:where(.kb-row-layout-id18_733ebe-0f > .kt-row-column-wrap) > .wp-block-kadence-column{justify-content:center;}.kb-row-layout-id18_733ebe-0f > .kt-row-column-wrap{column-gap:var(--global-kb-gap-md, 2rem);row-gap:var(--global-kb-gap-md, 2rem);grid-template-columns:minmax(0, 2fr) minmax(0, 1fr);}.kb-row-layout-id18_733ebe-0f > .kt-row-layout-overlay{opacity:0.30;}@media all and (max-width: 1024px){.kb-row-layout-id18_733ebe-0f > .kt-row-column-wrap{grid-template-columns:minmax(0, 2fr) minmax(0, 1fr);}}@media all and (max-width: 767px){.kb-row-layout-id18_733ebe-0f > .kt-row-column-wrap{grid-template-columns:minmax(0, 1fr);}}<\/style><div class=\"kb-row-layout-wrap kb-row-layout-id18_733ebe-0f alignnone wp-block-kadence-rowlayout\"><div class=\"kt-row-column-wrap kt-has-2-columns kt-row-layout-left-golden kt-tab-layout-inherit kt-mobile-layout-row kt-row-valign-middle\">\n<style>.kadence-column18_d84a81-b2 > .kt-inside-inner-col,.kadence-column18_d84a81-b2 > .kt-inside-inner-col:before{border-top-left-radius:0px;border-top-right-radius:0px;border-bottom-right-radius:0px;border-bottom-left-radius:0px;}.kadence-column18_d84a81-b2 > .kt-inside-inner-col{column-gap:var(--global-kb-gap-sm, 1rem);}.kadence-column18_d84a81-b2 > .kt-inside-inner-col{flex-direction:column;}.kadence-column18_d84a81-b2 > .kt-inside-inner-col > .aligncenter{width:100%;}.kadence-column18_d84a81-b2 > .kt-inside-inner-col:before{opacity:0.3;}.kadence-column18_d84a81-b2{position:relative;}@media all and (max-width: 1024px){.kadence-column18_d84a81-b2 > .kt-inside-inner-col{flex-direction:column;}}@media all and (max-width: 767px){.kadence-column18_d84a81-b2 > .kt-inside-inner-col{flex-direction:column;}}<\/style>\n<div class=\"wp-block-kadence-column kadence-column18_d84a81-b2\"><div class=\"kt-inside-inner-col\">\n<p><strong>Au manoir de La Possonni\u00e8re<\/strong><br>Couture-sur-Loir \u2013 41800 Vall\u00e9e-de-Ronsard<\/p>\n<\/div><\/div>\n\n\n<style>.kadence-column18_fd53dd-64 > .kt-inside-inner-col,.kadence-column18_fd53dd-64 > .kt-inside-inner-col:before{border-top-left-radius:0px;border-top-right-radius:0px;border-bottom-right-radius:0px;border-bottom-left-radius:0px;}.kadence-column18_fd53dd-64 > .kt-inside-inner-col{column-gap:var(--global-kb-gap-sm, 1rem);}.kadence-column18_fd53dd-64 > .kt-inside-inner-col{flex-direction:column;}.kadence-column18_fd53dd-64 > .kt-inside-inner-col > .aligncenter{width:100%;}.kadence-column18_fd53dd-64 > .kt-inside-inner-col:before{opacity:0.3;}.kadence-column18_fd53dd-64{position:relative;}@media all and (max-width: 1024px){.kadence-column18_fd53dd-64 > .kt-inside-inner-col{flex-direction:column;}}@media all and (max-width: 767px){.kadence-column18_fd53dd-64 > .kt-inside-inner-col{flex-direction:column;}}<\/style>\n<div class=\"wp-block-kadence-column kadence-column18_fd53dd-64\"><div class=\"kt-inside-inner-col\"><style>.wp-block-kadence-advancedbtn.kb-btns18_3acb90-05{gap:var(--global-kb-gap-xs, 0.5rem );justify-content:flex-end;align-items:center;}.kt-btns18_3acb90-05 .kt-button{font-weight:normal;font-style:normal;}.kt-btns18_3acb90-05 .kt-btn-wrap-0{margin-right:5px;}.wp-block-kadence-advancedbtn.kt-btns18_3acb90-05 .kt-btn-wrap-0 .kt-button{color:#555555;border-color:#555555;}.wp-block-kadence-advancedbtn.kt-btns18_3acb90-05 .kt-btn-wrap-0 .kt-button:hover, .wp-block-kadence-advancedbtn.kt-btns18_3acb90-05 .kt-btn-wrap-0 .kt-button:focus{color:#ffffff;border-color:#444444;}.wp-block-kadence-advancedbtn.kt-btns18_3acb90-05 .kt-btn-wrap-0 .kt-button::before{display:none;}.wp-block-kadence-advancedbtn.kt-btns18_3acb90-05 .kt-btn-wrap-0 .kt-button:hover, .wp-block-kadence-advancedbtn.kt-btns18_3acb90-05 .kt-btn-wrap-0 .kt-button:focus{background:#444444;}@media all and (max-width: 767px){.wp-block-kadence-advancedbtn.kb-btns18_3acb90-05{justify-content:flex-start;}}<\/style>\n<div class=\"wp-block-kadence-advancedbtn kb-buttons-wrap kb-btns18_3acb90-05\"><style>ul.menu .wp-block-kadence-advancedbtn .kb-btn18_6ace48-25.kb-button{width:initial;}.wp-block-kadence-advancedbtn .kb-btn18_6ace48-25.kb-button{background:#000000;font-size:var(--global-kb-font-size-sm, 0.9rem);text-transform:uppercase;}.kb-btn18_6ace48-25.kb-button .kb-svg-icon-wrap{padding-right:var(--global-kb-spacing-xxs, 0.5rem);font-size:26px;}.wp-block-kadence-advancedbtn .kb-btn18_6ace48-25.kb-button:hover, .wp-block-kadence-advancedbtn .kb-btn18_6ace48-25.kb-button:focus{background:#2e2e2e;}@media all and (max-width: 1024px){.kb-btn18_6ace48-25.kb-button .kb-svg-icon-wrap{display:block;}}<\/style><a class=\"kb-button kt-button button kb-btn18_6ace48-25 kt-btn-size-standard kt-btn-width-type-auto kb-btn-global-fill kt-btn-has-text-true kt-btn-has-svg-true wp-block-kadence-singlebtn\" href=\"https:\/\/www.helloasso.com\/associations\/association-pierre-de-ronsard\/boutiques\/stage-mai-2026-florent-marie-benoit-damant-2\" target=\"_blank\" rel=\"noreferrer noopener\"><span class=\"kb-svg-icon-wrap kb-svg-icon-fas_ticket-alt kt-btn-icon-side-left\"><svg viewBox=\"0 0 576 512\"  fill=\"currentColor\" xmlns=\"http:\/\/www.w3.org\/2000\/svg\"  aria-hidden=\"true\"><path d=\"M128 160h320v192H128V160zm400 96c0 26.51 21.49 48 48 48v96c0 26.51-21.49 48-48 48H48c-26.51 0-48-21.49-48-48v-96c26.51 0 48-21.49 48-48s-21.49-48-48-48v-96c0-26.51 21.49-48 48-48h480c26.51 0 48 21.49 48 48v96c-26.51 0-48 21.49-48 48zm-48-104c0-13.255-10.745-24-24-24H120c-13.255 0-24 10.745-24 24v208c0 13.255 10.745 24 24 24h336c13.255 0 24-10.745 24-24V152z\"\/><\/svg><\/span><span class=\"kt-btn-inner-text\">Billetterie en ligne<\/span><\/a><\/div>\n<\/div><\/div>\n\n<\/div><\/div>\n\n<style>.kb-image18_473667-ab .kb-image-has-overlay:after{opacity:0.3;}<\/style>\n<figure class=\"wp-block-kadence-image kb-image18_473667-ab size-large kb-image-is-ratio-size\"><div class=\"kb-is-ratio-image kb-image-ratio-land169\"><img loading=\"lazy\" decoding=\"async\" width=\"1024\" height=\"779\" src=\"https:\/\/pierrederonsard.org\/wp-content\/uploads\/2024\/06\/13010-1024x779.jpg\" alt=\"\" class=\"kb-img wp-image-191\" srcset=\"https:\/\/pierrederonsard.org\/wp-content\/uploads\/2024\/06\/13010-1024x779.jpg 1024w, https:\/\/pierrederonsard.org\/wp-content\/uploads\/2024\/06\/13010-300x228.jpg 300w, https:\/\/pierrederonsard.org\/wp-content\/uploads\/2024\/06\/13010-768x584.jpg 768w, https:\/\/pierrederonsard.org\/wp-content\/uploads\/2024\/06\/13010-1536x1168.jpg 1536w, https:\/\/pierrederonsard.org\/wp-content\/uploads\/2024\/06\/13010-2048x1558.jpg 2048w\" sizes=\"auto, (max-width: 1024px) 100vw, 1024px\" \/><\/div><\/figure>\n\n\n<style>.wp-block-kadence-advancedheading.kt-adv-heading18_bee4ff-7d, .wp-block-kadence-advancedheading.kt-adv-heading18_bee4ff-7d[data-kb-block=\"kb-adv-heading18_bee4ff-7d\"]{font-style:normal;}.wp-block-kadence-advancedheading.kt-adv-heading18_bee4ff-7d mark.kt-highlight, .wp-block-kadence-advancedheading.kt-adv-heading18_bee4ff-7d[data-kb-block=\"kb-adv-heading18_bee4ff-7d\"] mark.kt-highlight{font-style:normal;color:#f76a0c;-webkit-box-decoration-break:clone;box-decoration-break:clone;padding-top:0px;padding-right:0px;padding-bottom:0px;padding-left:0px;}<\/style>\n<p class=\"kt-adv-heading18_bee4ff-7d wp-block-kadence-advancedheading\" data-kb-block=\"kb-adv-heading18_bee4ff-7d\"><\/p>\n<\/div><\/div>\n\n<\/div><\/div>","protected":false},"excerpt":{"rendered":"<p>CHANT, D\u00c9CLAMATION ET LUTH : LE STAGE DU JEUDI 14 AU DIMANCHE 17 MAI 2026 Travailler Ronsard dans sa maison, quoi de mieux ? Depuis plusieurs ann\u00e9es, en compl\u00e9ment de la programmation, et dans la logique de notre valeur de transmission, notre association propose un stage de chant, d\u00e9clamation et luth en lien avec la [&hellip;]<\/p>\n","protected":false},"author":1,"featured_media":0,"parent":0,"menu_order":0,"comment_status":"closed","ping_status":"closed","template":"","meta":{"footnotes":""},"class_list":["post-18","page","type-page","status-publish","hentry"],"_links":{"self":[{"href":"https:\/\/pierrederonsard.org\/index.php\/wp-json\/wp\/v2\/pages\/18","targetHints":{"allow":["GET"]}}],"collection":[{"href":"https:\/\/pierrederonsard.org\/index.php\/wp-json\/wp\/v2\/pages"}],"about":[{"href":"https:\/\/pierrederonsard.org\/index.php\/wp-json\/wp\/v2\/types\/page"}],"author":[{"embeddable":true,"href":"https:\/\/pierrederonsard.org\/index.php\/wp-json\/wp\/v2\/users\/1"}],"replies":[{"embeddable":true,"href":"https:\/\/pierrederonsard.org\/index.php\/wp-json\/wp\/v2\/comments?post=18"}],"version-history":[{"count":21,"href":"https:\/\/pierrederonsard.org\/index.php\/wp-json\/wp\/v2\/pages\/18\/revisions"}],"predecessor-version":[{"id":429,"href":"https:\/\/pierrederonsard.org\/index.php\/wp-json\/wp\/v2\/pages\/18\/revisions\/429"}],"wp:attachment":[{"href":"https:\/\/pierrederonsard.org\/index.php\/wp-json\/wp\/v2\/media?parent=18"}],"curies":[{"name":"wp","href":"https:\/\/api.w.org\/{rel}","templated":true}]}}