{"id":20,"date":"2024-06-18T11:05:30","date_gmt":"2024-06-18T09:05:30","guid":{"rendered":"https:\/\/pierrederonsard.org\/?page_id=20"},"modified":"2026-04-27T12:29:15","modified_gmt":"2026-04-27T10:29:15","slug":"la-dictee-ronsardienne","status":"publish","type":"page","link":"https:\/\/pierrederonsard.org\/index.php\/la-dictee-ronsardienne\/","title":{"rendered":"La dict\u00e9e ronsardienne"},"content":{"rendered":"<style>.kb-row-layout-id20_956de6-c9 > .kt-row-column-wrap{align-content:start;}:where(.kb-row-layout-id20_956de6-c9 > .kt-row-column-wrap) > .wp-block-kadence-column{justify-content:start;}.kb-row-layout-id20_956de6-c9 > .kt-row-column-wrap{column-gap:var(--global-kb-gap-md, 2rem);row-gap:var(--global-kb-gap-md, 2rem);padding-top:var(--global-kb-spacing-lg, 3rem);padding-right:var(--global-kb-spacing-lg, 3rem);padding-bottom:var(--global-kb-spacing-lg, 3rem);padding-left:var(--global-kb-spacing-lg, 3rem);grid-template-columns:minmax(0, 1fr);}.kb-row-layout-id20_956de6-c9{background-image:url('https:\/\/pierrederonsard.org\/wp-content\/uploads\/2024\/06\/bg-purple.jpg');background-size:cover;background-position:center center;background-attachment:scroll;background-repeat:no-repeat;}.kb-row-layout-id20_956de6-c9 > .kt-row-layout-overlay{opacity:0.30;}@media all and (max-width: 1024px){.kb-row-layout-id20_956de6-c9 > .kt-row-column-wrap{grid-template-columns:minmax(0, 1fr);}}@media all and (max-width: 767px){.kb-row-layout-id20_956de6-c9 > .kt-row-column-wrap{grid-template-columns:minmax(0, 1fr);}}<\/style><div class=\"kb-row-layout-wrap kb-row-layout-id20_956de6-c9 alignfull has-black-background-color kt-row-has-bg wp-block-kadence-rowlayout\"><div class=\"kt-row-column-wrap kt-has-1-columns kt-row-layout-equal kt-tab-layout-inherit kt-mobile-layout-row kt-row-valign-top\">\n<style>.kadence-column20_8848c6-e8 > .kt-inside-inner-col,.kadence-column20_8848c6-e8 > .kt-inside-inner-col:before{border-top-left-radius:0px;border-top-right-radius:0px;border-bottom-right-radius:0px;border-bottom-left-radius:0px;}.kadence-column20_8848c6-e8 > .kt-inside-inner-col{column-gap:var(--global-kb-gap-sm, 1rem);}.kadence-column20_8848c6-e8 > .kt-inside-inner-col{flex-direction:column;}.kadence-column20_8848c6-e8 > .kt-inside-inner-col > .aligncenter{width:100%;}.kadence-column20_8848c6-e8 > .kt-inside-inner-col:before{opacity:0.3;}.kadence-column20_8848c6-e8{position:relative;}@media all and (max-width: 1024px){.kadence-column20_8848c6-e8 > .kt-inside-inner-col{flex-direction:column;}}@media all and (max-width: 767px){.kadence-column20_8848c6-e8 > .kt-inside-inner-col{flex-direction:column;}}<\/style>\n<div class=\"wp-block-kadence-column kadence-column20_8848c6-e8\"><div class=\"kt-inside-inner-col\"><style>.kb-image20_c60207-a8.kb-image-is-ratio-size, .kb-image20_c60207-a8 .kb-image-is-ratio-size{max-width:764px;width:100%;}.wp-block-kadence-column > .kt-inside-inner-col > .kb-image20_c60207-a8.kb-image-is-ratio-size, .wp-block-kadence-column > .kt-inside-inner-col > .kb-image20_c60207-a8 .kb-image-is-ratio-size{align-self:unset;}.kb-image20_c60207-a8 figure{max-width:764px;}.kb-image20_c60207-a8 .image-is-svg, .kb-image20_c60207-a8 .image-is-svg img{width:100%;}.kb-image20_c60207-a8 .kb-image-has-overlay:after{opacity:0.3;}<\/style>\n<div class=\"wp-block-kadence-image kb-image20_c60207-a8\"><figure class=\"aligncenter size-full image-is-svg\"><img decoding=\"async\" src=\"https:\/\/pierrederonsard.org\/wp-content\/uploads\/2024\/06\/dicte-titre-blanc-1.svg\" alt=\"\" class=\"kb-img wp-image-198\"\/><\/figure><\/div>\n<\/div><\/div>\n\n<\/div><\/div>\n\n<style>.kb-row-layout-id20_4c70fb-8f > .kt-row-column-wrap{align-content:start;}:where(.kb-row-layout-id20_4c70fb-8f > .kt-row-column-wrap) > .wp-block-kadence-column{justify-content:start;}.kb-row-layout-id20_4c70fb-8f > .kt-row-column-wrap{column-gap:var(--global-kb-gap-md, 2rem);row-gap:var(--global-kb-gap-md, 2rem);padding-top:var(--global-kb-spacing-sm, 1.5rem);padding-right:var(--global-kb-spacing-lg, 3rem);padding-bottom:var(--global-kb-spacing-sm, 1.5rem);padding-left:var(--global-kb-spacing-lg, 3rem);grid-template-columns:minmax(0, 1fr);}.kb-row-layout-id20_4c70fb-8f > .kt-row-layout-overlay{opacity:0.30;}@media all and (max-width: 1024px){.kb-row-layout-id20_4c70fb-8f > .kt-row-column-wrap{grid-template-columns:minmax(0, 1fr);}}@media all and (max-width: 767px){.kb-row-layout-id20_4c70fb-8f > .kt-row-column-wrap{grid-template-columns:minmax(0, 1fr);}}<\/style><div class=\"kb-row-layout-wrap kb-row-layout-id20_4c70fb-8f alignnone wp-block-kadence-rowlayout\"><div class=\"kt-row-column-wrap kt-has-1-columns kt-row-layout-equal kt-tab-layout-inherit kt-mobile-layout-row kt-row-valign-top\">\n<style>.kadence-column20_0aea52-8d > .kt-inside-inner-col,.kadence-column20_0aea52-8d > .kt-inside-inner-col:before{border-top-left-radius:0px;border-top-right-radius:0px;border-bottom-right-radius:0px;border-bottom-left-radius:0px;}.kadence-column20_0aea52-8d > .kt-inside-inner-col{column-gap:var(--global-kb-gap-sm, 1rem);}.kadence-column20_0aea52-8d > .kt-inside-inner-col{flex-direction:column;}.kadence-column20_0aea52-8d > .kt-inside-inner-col > .aligncenter{width:100%;}.kadence-column20_0aea52-8d > .kt-inside-inner-col:before{opacity:0.3;}.kadence-column20_0aea52-8d{position:relative;}@media all and (max-width: 1024px){.kadence-column20_0aea52-8d > .kt-inside-inner-col{flex-direction:column;}}@media all and (max-width: 767px){.kadence-column20_0aea52-8d > .kt-inside-inner-col{flex-direction:column;}}<\/style>\n<div class=\"wp-block-kadence-column kadence-column20_0aea52-8d\"><div class=\"kt-inside-inner-col\">\n<p><strong>DEPUIS PLUSIEURS ANN\u00c9ES,<\/strong> NOTRE ASSOCIATION PROPOSE UNE DICT\u00c9E RONSARDIENNE.<\/p>\n\n\n\n<p>COMPOS\u00c9E PAR JACQUES-HENRI ROUSSEAU, LES PARTICIPANTS ESSAIENT DE D\u00c9JOUER LES ENTOURLOUPES ET PI\u00c8GES IMAGIN\u00c9S PAR L\u2019AUTEUR.<\/p>\n\n\n\n<p><strong>Chaque ann\u00e9e,<\/strong> le texte contient quelques dizaines d\u2019erreurs orthographiques que les participants sont invit\u00e9s \u00e0 corriger y compris dans les citations, sans toutefois en changer la phon\u00e9tique\u2026<\/p>\n\n\n\n<p><strong>Chaque ann\u00e9e,<\/strong> des dizaines d\u2019amoureux de la langue fran\u00e7aise et de l\u2019orthographe s\u2019essaient \u00e0 identifier les erreurs en s\u2019aidant d\u2019ouvrages de r\u00e9f\u00e9rence pour l\u2019orthographe lexicale tels que le Petit Larousse et les Difficult\u00e9s de la Langue Fran\u00e7aise (Larousse). La maison Larousse est partenaire de cet exercice organis\u00e9 par notre Association. L&rsquo;ensemble des dict\u00e9es Ronsard doit para\u00eetre le 11 mars 2025 dans un livret intitul\u00e9 \u00ab\u00a0Trouverez-vous vraiment toutes les fautes ?\u00a0\u00bb publi\u00e9 par les \u00c9ditions Larousse.<\/p>\n\n\n\n<p>Pour la premi\u00e8re fois en 2024, la dict\u00e9e a \u00e9t\u00e9 faite en pr\u00e9sence au manoir. Elle est \u00e9galement accessible sur notre site et des copies papier seront disponibles au manoir. <strong><a href=\"https:\/\/pierrederonsard.org\/wp-content\/uploads\/2024\/08\/APDR-Dictee-Ronsard-JUILLET-2024.pdf\">[t\u00e9l\u00e9charger la dict\u00e9e 2024]<\/a><\/strong>.<\/p>\n\n\n\n<p><strong>La dict\u00e9e 2025<\/strong> aura \u00e9galement lieu en pr\u00e9sence au manoir pendant le stage le vendredi 30 mai, l&rsquo;heure restant \u00e0 d\u00e9terminer.<\/p>\n\n\n\n<p><\/p>\n<\/div><\/div>\n\n<\/div><\/div>\n\n<style>.kb-row-layout-id20_88a701-ea > .kt-row-column-wrap{align-content:start;}:where(.kb-row-layout-id20_88a701-ea > .kt-row-column-wrap) > .wp-block-kadence-column{justify-content:start;}.kb-row-layout-id20_88a701-ea > .kt-row-column-wrap{column-gap:var(--global-kb-gap-md, 2rem);row-gap:var(--global-kb-gap-md, 2rem);padding-top:var(--global-kb-spacing-sm, 1.5rem);padding-right:var(--global-kb-spacing-lg, 3rem);padding-bottom:var(--global-kb-spacing-sm, 1.5rem);padding-left:var(--global-kb-spacing-lg, 3rem);grid-template-columns:minmax(0, 1fr);}.kb-row-layout-id20_88a701-ea > .kt-row-layout-overlay{opacity:0.30;}@media all and (max-width: 1024px){.kb-row-layout-id20_88a701-ea > .kt-row-column-wrap{grid-template-columns:minmax(0, 1fr);}}@media all and (max-width: 767px){.kb-row-layout-id20_88a701-ea > .kt-row-column-wrap{grid-template-columns:minmax(0, 1fr);}}<\/style><div class=\"kb-row-layout-wrap kb-row-layout-id20_88a701-ea alignnone wp-block-kadence-rowlayout\"><div class=\"kt-row-column-wrap kt-has-1-columns kt-row-layout-equal kt-tab-layout-inherit kt-mobile-layout-row kt-row-valign-top\">\n<style>.kadence-column20_468a06-d2 > .kt-inside-inner-col,.kadence-column20_468a06-d2 > .kt-inside-inner-col:before{border-top-left-radius:0px;border-top-right-radius:0px;border-bottom-right-radius:0px;border-bottom-left-radius:0px;}.kadence-column20_468a06-d2 > .kt-inside-inner-col{column-gap:var(--global-kb-gap-sm, 1rem);}.kadence-column20_468a06-d2 > .kt-inside-inner-col{flex-direction:column;}.kadence-column20_468a06-d2 > .kt-inside-inner-col > .aligncenter{width:100%;}.kadence-column20_468a06-d2 > .kt-inside-inner-col:before{opacity:0.3;}.kadence-column20_468a06-d2{position:relative;}@media all and (max-width: 1024px){.kadence-column20_468a06-d2 > .kt-inside-inner-col{flex-direction:column;}}@media all and (max-width: 767px){.kadence-column20_468a06-d2 > .kt-inside-inner-col{flex-direction:column;}}<\/style>\n<div class=\"wp-block-kadence-column kadence-column20_468a06-d2\"><div class=\"kt-inside-inner-col\"><style>.wp-block-kadence-advancedheading.kt-adv-heading20_e46a2a-46, .wp-block-kadence-advancedheading.kt-adv-heading20_e46a2a-46[data-kb-block=\"kb-adv-heading20_e46a2a-46\"]{padding-top:var(--global-kb-spacing-xs, 1rem);margin-bottom:var(--global-kb-spacing-lg, 3rem);font-size:1.7rem;font-style:normal;border-top:1px solid #000000;}.wp-block-kadence-advancedheading.kt-adv-heading20_e46a2a-46 mark.kt-highlight, .wp-block-kadence-advancedheading.kt-adv-heading20_e46a2a-46[data-kb-block=\"kb-adv-heading20_e46a2a-46\"] mark.kt-highlight{font-style:normal;color:#f76a0c;-webkit-box-decoration-break:clone;box-decoration-break:clone;padding-top:0px;padding-right:0px;padding-bottom:0px;padding-left:0px;}@media all and (max-width: 1024px){.wp-block-kadence-advancedheading.kt-adv-heading20_e46a2a-46, .wp-block-kadence-advancedheading.kt-adv-heading20_e46a2a-46[data-kb-block=\"kb-adv-heading20_e46a2a-46\"]{border-top:1px solid #000000;}}@media all and (max-width: 767px){.wp-block-kadence-advancedheading.kt-adv-heading20_e46a2a-46, .wp-block-kadence-advancedheading.kt-adv-heading20_e46a2a-46[data-kb-block=\"kb-adv-heading20_e46a2a-46\"]{border-top:1px solid #000000;}}<\/style>\n<h2 class=\"kt-adv-heading20_e46a2a-46 wp-block-kadence-advancedheading\" data-kb-block=\"kb-adv-heading20_e46a2a-46\">DATE \u00c0 VENIR<\/h2>\n\n\n<style>.kb-row-layout-wrap.wp-block-kadence-rowlayout.kb-row-layout-id20_6123a5-02{margin-bottom:var(--global-kb-spacing-lg, 3rem);}.kb-row-layout-id20_6123a5-02 > .kt-row-column-wrap{align-content:center;}:where(.kb-row-layout-id20_6123a5-02 > .kt-row-column-wrap) > .wp-block-kadence-column{justify-content:center;}.kb-row-layout-id20_6123a5-02 > .kt-row-column-wrap{column-gap:var(--global-kb-gap-md, 2rem);row-gap:var(--global-kb-gap-md, 2rem);grid-template-columns:minmax(0, 2fr) minmax(0, 1fr);}.kb-row-layout-id20_6123a5-02 > .kt-row-layout-overlay{opacity:0.30;}@media all and (max-width: 1024px){.kb-row-layout-id20_6123a5-02 > .kt-row-column-wrap{grid-template-columns:minmax(0, 2fr) minmax(0, 1fr);}}@media all and (max-width: 767px){.kb-row-layout-id20_6123a5-02 > .kt-row-column-wrap{grid-template-columns:minmax(0, 1fr);}}<\/style><div class=\"kb-row-layout-wrap kb-row-layout-id20_6123a5-02 alignnone wp-block-kadence-rowlayout\"><div class=\"kt-row-column-wrap kt-has-2-columns kt-row-layout-left-golden kt-tab-layout-inherit kt-mobile-layout-row kt-row-valign-middle\">\n<style>.kadence-column20_566323-4a > .kt-inside-inner-col,.kadence-column20_566323-4a > .kt-inside-inner-col:before{border-top-left-radius:0px;border-top-right-radius:0px;border-bottom-right-radius:0px;border-bottom-left-radius:0px;}.kadence-column20_566323-4a > .kt-inside-inner-col{column-gap:var(--global-kb-gap-sm, 1rem);}.kadence-column20_566323-4a > .kt-inside-inner-col{flex-direction:column;}.kadence-column20_566323-4a > .kt-inside-inner-col > .aligncenter{width:100%;}.kadence-column20_566323-4a > .kt-inside-inner-col:before{opacity:0.3;}.kadence-column20_566323-4a{position:relative;}@media all and (max-width: 1024px){.kadence-column20_566323-4a > .kt-inside-inner-col{flex-direction:column;}}@media all and (max-width: 767px){.kadence-column20_566323-4a > .kt-inside-inner-col{flex-direction:column;}}<\/style>\n<div class=\"wp-block-kadence-column kadence-column20_566323-4a\"><div class=\"kt-inside-inner-col\"><style>.wp-block-kadence-advancedheading.kt-adv-heading20_c8f2db-60, .wp-block-kadence-advancedheading.kt-adv-heading20_c8f2db-60[data-kb-block=\"kb-adv-heading20_c8f2db-60\"]{padding-top:0px;padding-right:0px;padding-bottom:var(--global-kb-spacing-xxs, 0.5rem);padding-left:0px;margin-top:0px;margin-right:0px;margin-bottom:0px;margin-left:0px;font-size:var(--global-kb-font-size-xl, 3rem);font-style:normal;}.wp-block-kadence-advancedheading.kt-adv-heading20_c8f2db-60 mark.kt-highlight, .wp-block-kadence-advancedheading.kt-adv-heading20_c8f2db-60[data-kb-block=\"kb-adv-heading20_c8f2db-60\"] mark.kt-highlight{font-style:normal;color:#f76a0c;-webkit-box-decoration-break:clone;box-decoration-break:clone;padding-top:0px;padding-right:0px;padding-bottom:0px;padding-left:0px;}<\/style>\n<h3 class=\"kt-adv-heading20_c8f2db-60 wp-block-kadence-advancedheading\" data-kb-block=\"kb-adv-heading20_c8f2db-60\"><strong>La dict\u00e9e ronsardienne<\/strong><\/h3>\n\n\n<style>.wp-block-kadence-advancedheading.kt-adv-heading20_f82827-e3, .wp-block-kadence-advancedheading.kt-adv-heading20_f82827-e3[data-kb-block=\"kb-adv-heading20_f82827-e3\"]{padding-top:0px;padding-right:0px;padding-bottom:0px;padding-left:0px;margin-top:0px;margin-right:0px;margin-bottom:0px;margin-left:0px;font-size:var(--global-kb-font-size-lg, 2rem);font-style:normal;}.wp-block-kadence-advancedheading.kt-adv-heading20_f82827-e3 mark.kt-highlight, .wp-block-kadence-advancedheading.kt-adv-heading20_f82827-e3[data-kb-block=\"kb-adv-heading20_f82827-e3\"] mark.kt-highlight{font-style:normal;color:#f76a0c;-webkit-box-decoration-break:clone;box-decoration-break:clone;padding-top:0px;padding-right:0px;padding-bottom:0px;padding-left:0px;}<\/style>\n<h4 class=\"kt-adv-heading20_f82827-e3 wp-block-kadence-advancedheading\" data-kb-block=\"kb-adv-heading20_f82827-e3\"><strong>Jacques-Henri Rousseau<\/strong> compositeur de la dict\u00e9e<\/h4>\n<\/div><\/div>\n\n\n<style>.kadence-column20_866532-7a > .kt-inside-inner-col,.kadence-column20_866532-7a > .kt-inside-inner-col:before{border-top-left-radius:0px;border-top-right-radius:0px;border-bottom-right-radius:0px;border-bottom-left-radius:0px;}.kadence-column20_866532-7a > .kt-inside-inner-col{column-gap:var(--global-kb-gap-sm, 1rem);}.kadence-column20_866532-7a > .kt-inside-inner-col{flex-direction:column;}.kadence-column20_866532-7a > .kt-inside-inner-col > .aligncenter{width:100%;}.kadence-column20_866532-7a > .kt-inside-inner-col:before{opacity:0.3;}.kadence-column20_866532-7a{position:relative;}@media all and (max-width: 1024px){.kadence-column20_866532-7a > .kt-inside-inner-col{flex-direction:column;}}@media all and (max-width: 767px){.kadence-column20_866532-7a > .kt-inside-inner-col{flex-direction:column;}}<\/style>\n<div class=\"wp-block-kadence-column kadence-column20_866532-7a\"><div class=\"kt-inside-inner-col\"><style>.wp-block-kadence-advancedbtn.kb-btns20_f9c2c3-39{gap:var(--global-kb-gap-xs, 0.5rem );justify-content:flex-end;align-items:center;}.kt-btns20_f9c2c3-39 .kt-button{font-weight:normal;font-style:normal;}.kt-btns20_f9c2c3-39 .kt-btn-wrap-0{margin-right:5px;}.wp-block-kadence-advancedbtn.kt-btns20_f9c2c3-39 .kt-btn-wrap-0 .kt-button{color:#555555;border-color:#555555;}.wp-block-kadence-advancedbtn.kt-btns20_f9c2c3-39 .kt-btn-wrap-0 .kt-button:hover, .wp-block-kadence-advancedbtn.kt-btns20_f9c2c3-39 .kt-btn-wrap-0 .kt-button:focus{color:#ffffff;border-color:#444444;}.wp-block-kadence-advancedbtn.kt-btns20_f9c2c3-39 .kt-btn-wrap-0 .kt-button::before{display:none;}.wp-block-kadence-advancedbtn.kt-btns20_f9c2c3-39 .kt-btn-wrap-0 .kt-button:hover, .wp-block-kadence-advancedbtn.kt-btns20_f9c2c3-39 .kt-btn-wrap-0 .kt-button:focus{background:#444444;}<\/style>\n<div class=\"wp-block-kadence-advancedbtn kb-buttons-wrap kb-btns20_f9c2c3-39\"><style>ul.menu .wp-block-kadence-advancedbtn .kb-btn20_d6fea4-c4.kb-button{width:initial;}.wp-block-kadence-advancedbtn .kb-btn20_d6fea4-c4.kb-button{background:#000000;}@media all and (max-width: 1024px){.kb-btn20_d6fea4-c4.kb-button .kb-svg-icon-wrap{display:block;}}<\/style><a class=\"kb-button kt-button button kb-btn20_d6fea4-c4 kt-btn-size-standard kt-btn-width-type-auto kb-btn-global-fill kt-btn-has-text-true kt-btn-has-svg-false wp-block-kadence-singlebtn\" href=\"https:\/\/www.helloasso.com\/associations\/association-pierre-de-ronsard\" target=\"_blank\" rel=\"noreferrer noopener\"><span class=\"kt-btn-inner-text\">Inscription en ligne<\/span><\/a><\/div>\n<\/div><\/div>\n\n<\/div><\/div>\n\n<style>.wp-block-kadence-advancedbtn.kt-btns20_9dbf60-8f, .site .entry-content .wp-block-kadence-advancedbtn.kt-btns20_9dbf60-8f, .wp-block-kadence-advancedbtn.kb-btns20_9dbf60-8f, .site .entry-content .wp-block-kadence-advancedbtn.kb-btns20_9dbf60-8f{margin-bottom:var(--global-kb-spacing-md, 2rem);}.wp-block-kadence-advancedbtn.kb-btns20_9dbf60-8f{gap:var(--global-kb-gap-xs, 0.5rem );justify-content:flex-start;align-items:center;}.kt-btns20_9dbf60-8f .kt-button{font-weight:normal;font-style:normal;}.kt-btns20_9dbf60-8f .kt-btn-wrap-0{margin-right:5px;}.wp-block-kadence-advancedbtn.kt-btns20_9dbf60-8f .kt-btn-wrap-0 .kt-button{color:#555555;border-color:#555555;}.wp-block-kadence-advancedbtn.kt-btns20_9dbf60-8f .kt-btn-wrap-0 .kt-button:hover, .wp-block-kadence-advancedbtn.kt-btns20_9dbf60-8f .kt-btn-wrap-0 .kt-button:focus{color:#ffffff;border-color:#444444;}.wp-block-kadence-advancedbtn.kt-btns20_9dbf60-8f .kt-btn-wrap-0 .kt-button::before{display:none;}.wp-block-kadence-advancedbtn.kt-btns20_9dbf60-8f .kt-btn-wrap-0 .kt-button:hover, .wp-block-kadence-advancedbtn.kt-btns20_9dbf60-8f .kt-btn-wrap-0 .kt-button:focus{background:#444444;}<\/style>\n<div class=\"wp-block-kadence-advancedbtn kb-buttons-wrap kb-btns20_9dbf60-8f\"><style>ul.menu .wp-block-kadence-advancedbtn .kb-btn20_82811a-3b.kb-button{width:initial;}.wp-block-kadence-advancedbtn .kb-btn20_82811a-3b.kb-button{background:#000000;}.wp-block-kadence-advancedbtn .kb-btn20_82811a-3b.kb-button:hover, .wp-block-kadence-advancedbtn .kb-btn20_82811a-3b.kb-button:focus{background:#272727;}@media all and (max-width: 1024px){.kb-btn20_82811a-3b.kb-button .kb-svg-icon-wrap{display:block;}}<\/style><span class=\"kb-button kt-button button kb-btn20_82811a-3b kt-btn-size-standard kt-btn-width-type-auto kb-btn-global-fill kt-btn-has-text-true kt-btn-has-svg-true wp-block-kadence-singlebtn\"><span class=\"kt-btn-inner-text\">Participer en ligne<\/span><span class=\"kb-svg-icon-wrap kb-svg-icon-fa_youtube kt-btn-icon-side-right\"><svg viewBox=\"0 0 576 512\"  fill=\"currentColor\" xmlns=\"http:\/\/www.w3.org\/2000\/svg\"  aria-hidden=\"true\"><path d=\"M549.655 124.083c-6.281-23.65-24.787-42.276-48.284-48.597C458.781 64 288 64 288 64S117.22 64 74.629 75.486c-23.497 6.322-42.003 24.947-48.284 48.597-11.412 42.867-11.412 132.305-11.412 132.305s0 89.438 11.412 132.305c6.281 23.65 24.787 41.5 48.284 47.821C117.22 448 288 448 288 448s170.78 0 213.371-11.486c23.497-6.321 42.003-24.171 48.284-47.821 11.412-42.867 11.412-132.305 11.412-132.305s0-89.438-11.412-132.305zm-317.51 213.508V175.185l142.739 81.205-142.739 81.201z\"\/><\/svg><\/span><\/span><\/div>\n\n\n\n<p><strong>Participer en vrai <\/strong>Manoir de La Possonni\u00e8re<br>Couture-sur-Loir, 41800 Vall\u00e9e-de-Ronsard<\/p>\n\n\n<style>.kb-image20_bf9e76-68 .kb-image-has-overlay:after{opacity:0.3;}<\/style>\n<figure class=\"wp-block-kadence-image kb-image20_bf9e76-68 size-large kb-image-is-ratio-size\"><div class=\"kb-is-ratio-image kb-image-ratio-land169\"><img decoding=\"async\" src=\"https:\/\/pierrederonsard.org\/wp-content\/uploads\/2024\/08\/APDR-Dictee-2024.jpg\" alt=\"\" class=\"kb-img\"\/><\/div><\/figure>\n<\/div><\/div>\n\n<\/div><\/div>","protected":false},"excerpt":{"rendered":"<p>DEPUIS PLUSIEURS ANN\u00c9ES, NOTRE ASSOCIATION PROPOSE UNE DICT\u00c9E RONSARDIENNE. COMPOS\u00c9E PAR JACQUES-HENRI ROUSSEAU, LES PARTICIPANTS ESSAIENT DE D\u00c9JOUER LES ENTOURLOUPES ET PI\u00c8GES IMAGIN\u00c9S PAR L\u2019AUTEUR. Chaque ann\u00e9e, le texte contient quelques dizaines d\u2019erreurs orthographiques que les participants sont invit\u00e9s \u00e0 corriger y compris dans les citations, sans toutefois en changer la phon\u00e9tique\u2026 Chaque ann\u00e9e, des [&hellip;]<\/p>\n","protected":false},"author":1,"featured_media":0,"parent":0,"menu_order":0,"comment_status":"closed","ping_status":"closed","template":"","meta":{"footnotes":""},"class_list":["post-20","page","type-page","status-publish","hentry"],"_links":{"self":[{"href":"https:\/\/pierrederonsard.org\/index.php\/wp-json\/wp\/v2\/pages\/20","targetHints":{"allow":["GET"]}}],"collection":[{"href":"https:\/\/pierrederonsard.org\/index.php\/wp-json\/wp\/v2\/pages"}],"about":[{"href":"https:\/\/pierrederonsard.org\/index.php\/wp-json\/wp\/v2\/types\/page"}],"author":[{"embeddable":true,"href":"https:\/\/pierrederonsard.org\/index.php\/wp-json\/wp\/v2\/users\/1"}],"replies":[{"embeddable":true,"href":"https:\/\/pierrederonsard.org\/index.php\/wp-json\/wp\/v2\/comments?post=20"}],"version-history":[{"count":31,"href":"https:\/\/pierrederonsard.org\/index.php\/wp-json\/wp\/v2\/pages\/20\/revisions"}],"predecessor-version":[{"id":431,"href":"https:\/\/pierrederonsard.org\/index.php\/wp-json\/wp\/v2\/pages\/20\/revisions\/431"}],"wp:attachment":[{"href":"https:\/\/pierrederonsard.org\/index.php\/wp-json\/wp\/v2\/media?parent=20"}],"curies":[{"name":"wp","href":"https:\/\/api.w.org\/{rel}","templated":true}]}}